{"id":804,"date":"2018-09-14T09:10:41","date_gmt":"2018-09-14T13:10:41","guid":{"rendered":"https:\/\/thedrainhog.com\/product\/tipper-kit\/"},"modified":"2018-09-17T15:11:47","modified_gmt":"2018-09-17T19:11:47","slug":"ensemble-agitateur","status":"publish","type":"product","link":"https:\/\/thedrainhog.com\/fr\/produit\/ensemble-agitateur\/","title":{"rendered":"Ensemble agitateur"},"content":{"rendered":"<p>Option permettant \u00e0 l\u2019utilisateur de bouger le filtre Hoggeez afin que les r\u00e9sidus accroch\u00e9s aux parois du filtre d\u00e9collent, \u00e9quilibrant son contenu et optimisant<br \/>\nsa capacit\u00e9.<\/p>\n","protected":false},"excerpt":{"rendered":"<p>Option permettant \u00e0 l\u2019utilisateur de bouger le filtre Hoggeez afin que les r\u00e9sidus accroch\u00e9s aux parois du filtre d\u00e9collent, \u00e9quilibrant son contenu et optimisant<br \/>\nsa capacit\u00e9.<\/p>\n","protected":false},"featured_media":826,"template":"","meta":{"_acf_changed":false},"product_brand":[],"product_cat":[32],"product_tag":[],"class_list":{"0":"post-804","1":"product","2":"type-product","3":"status-publish","4":"has-post-thumbnail","6":"product_cat-kits-fr","7":"cf","9":"first","10":"instock","11":"shipping-taxable","12":"product-type-simple"},"acf":[],"_links":{"self":[{"href":"https:\/\/thedrainhog.com\/fr\/wp-json\/wp\/v2\/product\/804","targetHints":{"allow":["GET"]}}],"collection":[{"href":"https:\/\/thedrainhog.com\/fr\/wp-json\/wp\/v2\/product"}],"about":[{"href":"https:\/\/thedrainhog.com\/fr\/wp-json\/wp\/v2\/types\/product"}],"wp:featuredmedia":[{"embeddable":true,"href":"https:\/\/thedrainhog.com\/fr\/wp-json\/wp\/v2\/media\/826"}],"wp:attachment":[{"href":"https:\/\/thedrainhog.com\/fr\/wp-json\/wp\/v2\/media?parent=804"}],"wp:term":[{"taxonomy":"product_brand","embeddable":true,"href":"https:\/\/thedrainhog.com\/fr\/wp-json\/wp\/v2\/product_brand?post=804"},{"taxonomy":"product_cat","embeddable":true,"href":"https:\/\/thedrainhog.com\/fr\/wp-json\/wp\/v2\/product_cat?post=804"},{"taxonomy":"product_tag","embeddable":true,"href":"https:\/\/thedrainhog.com\/fr\/wp-json\/wp\/v2\/product_tag?post=804"}],"curies":[{"name":"wp","href":"https:\/\/api.w.org\/{rel}","templated":true}]}}