{"id":456,"date":"2017-08-08T15:17:26","date_gmt":"2017-08-08T19:17:25","guid":{"rendered":"https:\/\/thedrainhog.com\/fr\/produit\/unite-plastiqueunite-suspendu\/"},"modified":"2019-01-28T14:00:18","modified_gmt":"2019-01-28T19:00:18","slug":"unite-suspendue","status":"publish","type":"product","link":"https:\/\/thedrainhog.com\/fr\/produit\/unite-suspendue\/","title":{"rendered":"Unit\u00e9 suspendue"},"content":{"rendered":"<div class=\"wpb-content-wrapper\"><p>[vc_row][vc_column width=\u00a0\u00bb2\/3&Prime;][vc_column_text]<\/p>\n<h3>Unit\u00e9 suspendue (DrainHog-S)<\/h3>\n<p>L\u2019unit\u00e9 suspendue est install\u00e9e sur des supports en acier inoxydable permettant un ajustement en profondeur sur 7 7\/8 po (200mm). L\u2019entr\u00e9e de PVC situ\u00e9e sur le dessus offre une connexion 1 \u00bd po FNPT. La conception de l\u2019unit\u00e9 permet l\u2019\u00e9coulement naturel des eaux us\u00e9es vers la sortie de 2\u201d MNPT, \u00e9vitant toute stagnation d\u2019eau us\u00e9e. Si l\u2019effluent est particuli\u00e8rement gras, il est possible d\u2019ajouter optionnellement un agitateur servant \u00e0 d\u00e9coller l\u2019accumulation de r\u00e9sidus solides sur les parois du filtre tout en optimisant sa capacit\u00e9.\u00a0 L\u2019acc\u00e8s au filtre de type Hoggeez se fait via une ouverture frontale d\u2019au minimum 50 po<sup>2<\/sup> scell\u00e9e par un joint d\u2019\u00e9tanch\u00e9it\u00e9 et quatre attaches.[\/vc_column_text][vc_btn title=\u00a0\u00bbVoir le DrainHog install\u00e9\u00a0\u00bb link=\u00a0\u00bburl:https%3A%2F%2Fthedrainhog.parlab.ca%2Ffr%2Fboite-a-outils%2F%23install|||\u00a0\u00bb][\/vc_column][vc_column width=\u00a0\u00bb1\/3&Prime;][vc_column_text]<\/p>\n<h4><strong>Dimensions:<\/strong><\/h4>\n<ul>\n<li>Largeur: <strong>11\u00bc\/286 mm<\/strong><\/li>\n<li>Hauteur: <strong>8&Prime;\/203 mm<\/strong><\/li>\n<li>Profondeur: <strong>11\u00bc\/286 mm<\/strong><\/li>\n<li>Parois: <strong>Plastique 3 mm<\/strong><\/li>\n<\/ul>\n<p>[\/vc_column_text][vc_separator][vc_column_text]L\u2019unit\u00e9 est fournie avec les vis d\u2019installation en acier inoxydable, support de fixation au mur en acier inoxydable et bec d\u2019entr\u00e9e court en PVC d\u2019un diam\u00e8tre de 1 po \u00bd.[\/vc_column_text][vc_separator][vc_btn title=\u00a0\u00bbSp\u00e9cifications techniques\u00a0\u00bb link=\u00a0\u00bburl:http%3A%2F%2Fwww.thedrainhog.com%2Fwp-content%2Fuploads%2F2017%2F09%2FCAL-16-027-Submittal-DrainHog_FR_0817-S.pdf|target:%20_blank|\u00a0\u00bb][\/vc_column][\/vc_row]<\/p>\n<\/div>","protected":false},"excerpt":{"rendered":"<p>[vc_row][vc_column width=\u00a0\u00bb2\/3&Prime;][vc_column_text] Unit\u00e9 suspendue (DrainHog-S) L\u2019unit\u00e9 suspendue est install\u00e9e sur des supports en acier inoxydable permettant un ajustement en profondeur sur 7 7\/8 po (200mm). L\u2019entr\u00e9e de PVC situ\u00e9e sur le dessus offre une connexion 1 \u00bd po FNPT. La conception de l\u2019unit\u00e9 permet l\u2019\u00e9coulement naturel des eaux us\u00e9es vers la sortie de 2\u201d MNPT, [&hellip;]<\/p>\n","protected":false},"featured_media":578,"template":"","meta":{"_acf_changed":false},"product_brand":[],"product_cat":[17],"product_tag":[],"class_list":{"0":"post-456","1":"product","2":"type-product","3":"status-publish","4":"has-post-thumbnail","6":"product_cat-drains-fr","7":"cf","9":"first","10":"instock","11":"shipping-taxable","12":"product-type-variable","13":"has-default-attributes"},"acf":[],"_links":{"self":[{"href":"https:\/\/thedrainhog.com\/fr\/wp-json\/wp\/v2\/product\/456","targetHints":{"allow":["GET"]}}],"collection":[{"href":"https:\/\/thedrainhog.com\/fr\/wp-json\/wp\/v2\/product"}],"about":[{"href":"https:\/\/thedrainhog.com\/fr\/wp-json\/wp\/v2\/types\/product"}],"wp:featuredmedia":[{"embeddable":true,"href":"https:\/\/thedrainhog.com\/fr\/wp-json\/wp\/v2\/media\/578"}],"wp:attachment":[{"href":"https:\/\/thedrainhog.com\/fr\/wp-json\/wp\/v2\/media?parent=456"}],"wp:term":[{"taxonomy":"product_brand","embeddable":true,"href":"https:\/\/thedrainhog.com\/fr\/wp-json\/wp\/v2\/product_brand?post=456"},{"taxonomy":"product_cat","embeddable":true,"href":"https:\/\/thedrainhog.com\/fr\/wp-json\/wp\/v2\/product_cat?post=456"},{"taxonomy":"product_tag","embeddable":true,"href":"https:\/\/thedrainhog.com\/fr\/wp-json\/wp\/v2\/product_tag?post=456"}],"curies":[{"name":"wp","href":"https:\/\/api.w.org\/{rel}","templated":true}]}}