{"id":415,"date":"2015-07-29T10:12:25","date_gmt":"2015-07-29T14:12:25","guid":{"rendered":"https:\/\/thedrainhog.com\/product\/rhino-type-filter-2\/"},"modified":"2018-09-17T10:34:29","modified_gmt":"2018-09-17T14:34:29","slug":"filtres-type-rhino","status":"publish","type":"product","link":"https:\/\/thedrainhog.com\/fr\/produit\/filtres-type-rhino\/","title":{"rendered":"Filtres<br\/>Type Rhino"},"content":{"rendered":"<h3>Cotton (RHCBR)<\/h3>\n<p>Version utilis\u00e9e le plus couramment pour son grand ratio r\u00e9cup\u00e9ration\/fluidit\u00e9, il est parfait pour les \u00e9viers de rin\u00e7age qui r\u00e9cup\u00e8rent les r\u00e9sidus grossiers. Comme le cotton est biod\u00e9gradable, le contenu du filtre et le filtre lui-m\u00eame peuvent aller au compost! L\u2019anneau cass\u00e9, peut \u00eatre mis au recyclage.<\/p>\n<p>Applications\u00a0: restauration g\u00e9n\u00e9rale, pr\u00e9paration alimentaire<\/p>\n<h3>Nylon (RHNBR)<\/h3>\n<p>Pour les applications n\u00e9cessitant une filtration plus pr\u00e9cise, cette version convient aux \u00e9viers de lavage et aux applications o\u00f9 les d\u00e9bris sont un peu plus petits.<\/p>\n<p><strong>Applications\u00a0<\/strong>: Caf\u00e9s, terre<\/p>\n","protected":false},"excerpt":{"rendered":"<p>Filtre pour unit\u00e9 de type Rhino. Retient les r\u00e9sidus et laisse passer l\u2019eau, r\u00e9duisant ainsi l\u2019accumulation de s\u00e9diments dans la trappe \u00e0 graisse, donc les risques de colmatage de la tuyauterie.Les filtres type Rhyno sont disponibles en bo\u00eetes ma\u00eetresses de 3 seulement.<\/p>\n","protected":false},"featured_media":801,"template":"","meta":{"_acf_changed":false},"product_brand":[],"product_cat":[18],"product_tag":[],"class_list":{"0":"post-415","1":"product","2":"type-product","3":"status-publish","4":"has-post-thumbnail","6":"product_cat-filters-fr","7":"cf","9":"first","10":"instock","11":"shipping-taxable","12":"product-type-variable","13":"has-default-attributes"},"acf":[],"_links":{"self":[{"href":"https:\/\/thedrainhog.com\/fr\/wp-json\/wp\/v2\/product\/415","targetHints":{"allow":["GET"]}}],"collection":[{"href":"https:\/\/thedrainhog.com\/fr\/wp-json\/wp\/v2\/product"}],"about":[{"href":"https:\/\/thedrainhog.com\/fr\/wp-json\/wp\/v2\/types\/product"}],"wp:featuredmedia":[{"embeddable":true,"href":"https:\/\/thedrainhog.com\/fr\/wp-json\/wp\/v2\/media\/801"}],"wp:attachment":[{"href":"https:\/\/thedrainhog.com\/fr\/wp-json\/wp\/v2\/media?parent=415"}],"wp:term":[{"taxonomy":"product_brand","embeddable":true,"href":"https:\/\/thedrainhog.com\/fr\/wp-json\/wp\/v2\/product_brand?post=415"},{"taxonomy":"product_cat","embeddable":true,"href":"https:\/\/thedrainhog.com\/fr\/wp-json\/wp\/v2\/product_cat?post=415"},{"taxonomy":"product_tag","embeddable":true,"href":"https:\/\/thedrainhog.com\/fr\/wp-json\/wp\/v2\/product_tag?post=415"}],"curies":[{"name":"wp","href":"https:\/\/api.w.org\/{rel}","templated":true}]}}