{"id":184,"date":"2015-03-31T16:41:07","date_gmt":"2015-05-06T15:08:13","guid":{"rendered":"https:\/\/thedrainhog.com\/?post_type=product&#038;p=184"},"modified":"2019-01-28T14:02:02","modified_gmt":"2019-01-28T19:02:02","slug":"unite-sur-pattes","status":"publish","type":"product","link":"https:\/\/thedrainhog.com\/fr\/produit\/unite-sur-pattes\/","title":{"rendered":"Unit\u00e9 sur pattes"},"content":{"rendered":"<div class=\"wpb-content-wrapper\"><p>[vc_row][vc_column width=\u00a0\u00bb2\/3&Prime;][vc_column_text]<\/p>\n<h3>Unit\u00e9 sur pattes (DrainHog-L)<\/h3>\n<p>Les supports fix\u00e9s au plancher sont ajustables en hauteur sur 1 po \u00be \u00a0par le biais de cinq incr\u00e9ments de 3\/8 po chacun. La connexion est dot\u00e9e d\u2019une ouverture pouvant recevoir un \u00e9vent ou \u00eatre ferm\u00e9e \u00e0 l\u2019aide d\u2019un bouchon et d\u2019une entr\u00e9e de 2 po. \u00a0La \u00a0conception de l\u2019unit\u00e9 permet l\u2019\u00e9coulement naturel des eaux us\u00e9es vers la sortie de 2\u201d MNPT, \u00e9vitant toute stagnation d\u2019eau us\u00e9e. Si l\u2019effluent est particuli\u00e8rement gras, il est possible d\u2019ajouter optionnellement un agitateur servant \u00e0 d\u00e9coller l\u2019accumulation de r\u00e9sidus solides sur les parois du filtre tout en optimisant sa capacit\u00e9. \u00a0L\u2019ouverture pour acc\u00e9der au filtre est de 50 po<sup>2<\/sup>, scell\u00e9e par un joint d\u2019\u00e9tanch\u00e9it\u00e9 et deux poign\u00e9es.\u00a0 L\u2019unit\u00e9 est fournie avec les vis d\u2019installation en acier inoxydable.[\/vc_column_text][vc_btn title=\u00a0\u00bbVoir le DrainHog install\u00e9\u00a0\u00bb link=\u00a0\u00bburl:https%3A%2F%2Fthedrainhog.parlab.ca%2Ffr%2Fboite-a-outils%2F%23install|||\u00a0\u00bb][\/vc_column][vc_column width=\u00a0\u00bb1\/3&Prime;][vc_column_text]<\/p>\n<h4><strong>Dimensions:<\/strong><\/h4>\n<ul>\n<li>Largeur: <strong>11\u00bc\/286 mm<\/strong><\/li>\n<li>Hauteur: <strong>8&Prime;\/203 mm<\/strong><\/li>\n<li>Profondeur: <strong>11\u00bc\/286 mm<\/strong><\/li>\n<li>Parois: <strong>Plastique 3 mm<\/strong><\/li>\n<\/ul>\n<p>[\/vc_column_text][vc_separator][vc_column_text]Fourni avec les vis d\u2019installation en acier inoxydable et bec d\u2019entr\u00e9e \u00e0 deux connexions et un bouchon de 1 1\/2 po.[\/vc_column_text][vc_separator][vc_btn title=\u00a0\u00bbSp\u00e9cifications techniques\u00a0\u00bb link=\u00a0\u00bburl:https%3A%2F%2Fthedrainhog.parlab.ca%2Fwp-content%2Fuploads%2F2017%2F09%2FCAL-16-027-Submittal-DrainHog_FR_0817-L.pdf|target:%20_blank|\u00a0\u00bb][\/vc_column][\/vc_row]<\/p>\n<\/div>","protected":false},"excerpt":{"rendered":"<p>[vc_row][vc_column width=\u00a0\u00bb2\/3&Prime;][vc_column_text] Unit\u00e9 sur pattes (DrainHog-L) Les supports fix\u00e9s au plancher sont ajustables en hauteur sur 1 po \u00be \u00a0par le biais de cinq incr\u00e9ments de 3\/8 po chacun. La connexion est dot\u00e9e d\u2019une ouverture pouvant recevoir un \u00e9vent ou \u00eatre ferm\u00e9e \u00e0 l\u2019aide d\u2019un bouchon et d\u2019une entr\u00e9e de 2 po. \u00a0La \u00a0conception de [&hellip;]<\/p>\n","protected":false},"featured_media":574,"template":"","meta":{"_acf_changed":false},"product_brand":[],"product_cat":[17],"product_tag":[],"class_list":{"0":"post-184","1":"product","2":"type-product","3":"status-publish","4":"has-post-thumbnail","6":"product_cat-drains-fr","7":"cf","9":"first","10":"instock","11":"shipping-taxable","12":"product-type-variable"},"acf":[],"_links":{"self":[{"href":"https:\/\/thedrainhog.com\/fr\/wp-json\/wp\/v2\/product\/184","targetHints":{"allow":["GET"]}}],"collection":[{"href":"https:\/\/thedrainhog.com\/fr\/wp-json\/wp\/v2\/product"}],"about":[{"href":"https:\/\/thedrainhog.com\/fr\/wp-json\/wp\/v2\/types\/product"}],"wp:featuredmedia":[{"embeddable":true,"href":"https:\/\/thedrainhog.com\/fr\/wp-json\/wp\/v2\/media\/574"}],"wp:attachment":[{"href":"https:\/\/thedrainhog.com\/fr\/wp-json\/wp\/v2\/media?parent=184"}],"wp:term":[{"taxonomy":"product_brand","embeddable":true,"href":"https:\/\/thedrainhog.com\/fr\/wp-json\/wp\/v2\/product_brand?post=184"},{"taxonomy":"product_cat","embeddable":true,"href":"https:\/\/thedrainhog.com\/fr\/wp-json\/wp\/v2\/product_cat?post=184"},{"taxonomy":"product_tag","embeddable":true,"href":"https:\/\/thedrainhog.com\/fr\/wp-json\/wp\/v2\/product_tag?post=184"}],"curies":[{"name":"wp","href":"https:\/\/api.w.org\/{rel}","templated":true}]}}